{"id":19050,"date":"2022-05-13T03:13:37","date_gmt":"2022-05-13T03:13:37","guid":{"rendered":"https:\/\/observatoryfordefenders.org\/?page_id=19050"},"modified":"2024-12-31T15:19:31","modified_gmt":"2024-12-31T15:19:31","slug":"es-about-the-observatory","status":"publish","type":"page","link":"https:\/\/test.observatoryfordefenders.org\/es\/es-about-the-observatory\/","title":{"rendered":"Acerca del Observatorio"},"content":{"rendered":"\n<p>El Observatorio para la Protecci\u00f3n de los Defensores de Derechos Humanos es una colaboraci\u00f3n \u00fanica establecida entre la <a href=\"https:\/\/www.fidh.org\/en\">Federaci\u00f3n Internacional par los Derechos Humanos (FIDH)<\/a> y la <a href=\"https:\/\/www.omct.org\/\">Organizaci\u00f3n Mundial Contra la Tortura (OMCT)<\/a> en 1997.<\/p>\n\n<h2 class=\"wp-block-heading\" id=\"our-mission\"><strong>\u00bfQui\u00e9nes son las personas defensoras de los derechos humanos?<\/strong><\/h2>\n\n<p><em>El t\u00e9rmino &#8220;defensor de derechos humanos&#8221; se refiere a toda persona que, individualmente o en asociaci\u00f3n con otras, act\u00faa pac\u00edficamente en nombre de individuos o grupos para promover, defender y proteger los derechos humanos y las libertades fundamentales reconocidos por la Declaraci\u00f3n Universal de Derechos Humanos y garantizados por diversos instrumentos internacionales de derechos humanos. Como consecuencia de su compromiso activo en la defensa de los derechos humanos, las personas defensoras son propensas a sufrir represalias, acoso y violaciones de sus derechos por parte de actores tanto estatales como no estatales. <\/em><\/p>\n\n<p><em>La Declaraci\u00f3n de la ONU sobre los Defensores de los Derechos Humanos, adoptada por la Asamblea General de las Naciones Unidas el 9 de diciembre de 1998, subraya el derecho de las personas a &#8220;promover, proteger o luchar por la protecci\u00f3n y realizaci\u00f3n de los derechos humanos y las libertades fundamentales por medios pac\u00edficos&#8221;, y la responsabilidad y el deber de los Estados de &#8220;proteger, promover y hacer efectivos todos los derechos humanos&#8221;.<\/em><\/p>\n\n<h2 class=\"wp-block-heading\" id=\"more-information-about-this\"><strong>Misi\u00f3n<\/strong><\/h2>\n\n<p>La misi\u00f3n del Observatorio es garantizar protecci\u00f3n y apoyo efectivos a las personas expuestas a acoso como consecuencia de sus actividades pac\u00edficas en defensa de los derechos humanos, dondequiera que se encuentren, independientemente de su \u00e1mbito espec\u00edfico de trabajo, ya sean miembros de ONG, defensores de los derechos de las mujeres, abogadas y abogados, periodistas, dirigentes sindicales, personas defensoras de los derechos de la tierra y el medio ambiente, activistas LGBTQIA+, defensores de los derechos de los migrantes, activistas contra la corrupci\u00f3n o ciudadanos en general que defienden los derechos humanos.<\/p>\n\n<p>El objetivo del Observatorio es garantizar que se escuchen las voces de todos los defensores de los derechos humanos y se rompa su aislamiento y marginaci\u00f3n.<\/p>\n\n<p>La estrategia integral de protecci\u00f3n del Observatorio incluye una amplia gama de acciones transversales para responder a las demandas y especificidades de cada situaci\u00f3n, entre las que se incluyen la prevenci\u00f3n y alerta temprana sobre situaciones de peligro, la sensibilizaci\u00f3n de los responsables pol\u00edticos y del p\u00fablico en general, el refuerzo de las capacidades de los defensores de los derechos humanos, proporcion\u00e1ndoles asistencia directa, y el apoyo a grupos locales para que puedan continuar su acci\u00f3n en entornos hostiles. El Observatorio ha desempe\u00f1ado un papel importante en la inclusi\u00f3n de la protecci\u00f3n de los defensores en la agenda de las Naciones Unidas y de las organizaciones intergubernamentales regionales de \u00c1frica, Am\u00e9rica y Europa.<\/p>\n\n<p>En 2015, la OMCT y la FIDH, junto con otras 10 ONG internacionales y regionales, lanzaron <a href=\"https:\/\/protectdefenders.eu\/\">ProtectDefenders.eu<\/a>, el Mecanismo de Defensores de Derechos Humanos de la Uni\u00f3n Europea implementado por la sociedad civil internacional.<\/p>\n\n<p><\/p>\n\n<div class=\"wp-block-buttons is-layout-flex wp-block-buttons-is-layout-flex\">\n<div class=\"wp-block-button aligncenter\"><a class=\"wp-block-button__link\" href=\"https:\/\/landing.mailerlite.com\/webforms\/landing\/h1i6e7\">\u00a1Suscr\u00edbase a la lista del Observatorio!<\/a><\/div>\n<\/div>\n\n<h2 class=\"wp-block-heading\" id=\"another-section\">Acerca de la FIDH y la OMCT<\/h2>\n\n<p><strong>La Federaci\u00f3n Internacional de Derechos Humanos (FIDH)<\/strong> es una ONG internacional de derechos humanos que re\u00fane a 188 organizaciones miembros de 117 pa\u00edses. Desde su fundaci\u00f3n en 1922, la FIDH defiende todos los derechos civiles, pol\u00edticos, econ\u00f3micos, sociales y culturales recogidos en la Declaraci\u00f3n Universal de los Derechos Humanos (DUDH).<\/p>\n\n<p>La <strong>Organizaci\u00f3n Mundial Contra la Tortura (OMCT)<\/strong> es el mayor grupo mundial de ONG que lucha activamente contra la tortura y protege a los defensores de los derechos humanos en peligro en todo el mundo. Cuenta con m\u00e1s de 200 miembros en 90 pa\u00edses.<\/p>\n\n<p><\/p>\n\n<h2 class=\"wp-block-heading\">Donantes<\/h2>\n\n<p>Este sitio web y la base de datos, as\u00ed como el trabajo diario del Observatorio, son posibles gracias al apoyo clave de las siguientes instituciones: <\/p>\n\n<p>FIDH : <em>Agence fran\u00e7aise de d\u00e9veloppement<\/em> (AFD), Union Europea (UE), Fondation Nicolas Puech, Fondation <em>Yo et Anne-Marie Hamoud<\/em>, <em>Organisation internationale de la Francophonie<\/em> (OIF), <em>Mairie de Paris<\/em><\/p>\n\n<p>OMCT: Rep\u00fablica y Cant\u00f3n de Ginebra, Departamento Federal de Asuntos Exteriores de Suiza, Uni\u00f3n Europea, Ministerio de Asuntos Exteriores de Finlandia.<\/p>\n\n<p>Los contenidos publicados en este marco son responsabilidad exclusiva de la FIDH y de la OMCT y en ning\u00fan caso deben interpretarse como reflejo de las opiniones de estas organizaciones de apoyo.<\/p>\n\n<div class=\"wp-block-uagb-container uagb-block-97627c0a alignfull uagb-is-root-container\"><div class=\"uagb-container-inner-blocks-wrap\">\n<div class=\"wp-block-uagb-container uagb-block-4aa4056c\">\n<div class=\"wp-block-uagb-image uagb-block-3676da53 wp-block-uagb-image--layout-default wp-block-uagb-image--effect-static wp-block-uagb-image--align-none\"><figure class=\"wp-block-uagb-image__figure\"><a class=\"\" href=\"https:\/\/www.afd.fr\/fr\" target=\"\" rel=\"noopener\"><img decoding=\"async\" srcset=\"https:\/\/test.observatoryfordefenders.org\/wp-content\/uploads\/2022\/12\/AFD-1024x686.jpeg \" src=\"https:\/\/test.observatoryfordefenders.org\/wp-content\/uploads\/2022\/12\/AFD-1024x686.jpeg\" alt=\"\" class=\"uag-image-19562\" width=\"145\" height=\"96\" title=\"\" loading=\"lazy\"\/><\/a><\/figure><\/div>\n<\/div>\n\n\n\n<div class=\"wp-block-uagb-container uagb-block-16e9da32\">\n<div class=\"wp-block-uagb-image uagb-block-f00f2826 wp-block-uagb-image--layout-default wp-block-uagb-image--effect-static wp-block-uagb-image--align-none\"><figure class=\"wp-block-uagb-image__figure\"><a class=\"\" href=\"https:\/\/european-union.europa.eu\/index_en\" target=\"\" rel=\"noopener\"><img decoding=\"async\" srcset=\"https:\/\/test.observatoryfordefenders.org\/wp-content\/uploads\/2022\/12\/UE-logo.jpeg \" src=\"https:\/\/test.observatoryfordefenders.org\/wp-content\/uploads\/2022\/12\/UE-logo.jpeg\" alt=\"\" class=\"uag-image-19565\" width=\"126\" height=\"83\" title=\"\" loading=\"lazy\"\/><\/a><\/figure><\/div>\n<\/div>\n\n\n\n<div class=\"wp-block-uagb-container uagb-block-be387198\">\n<div class=\"wp-block-uagb-image uagb-block-5c23602b wp-block-uagb-image--layout-default wp-block-uagb-image--effect-static wp-block-uagb-image--align-none\"><figure class=\"wp-block-uagb-image__figure\"><a class=\"\" href=\"https:\/\/protectdefenders.eu\/\" target=\"\" rel=\"noopener\"><img decoding=\"async\" srcset=\"https:\/\/test.observatoryfordefenders.org\/wp-content\/uploads\/2022\/12\/PD.eu-logo.jpeg \" src=\"https:\/\/test.observatoryfordefenders.org\/wp-content\/uploads\/2022\/12\/PD.eu-logo.jpeg\" alt=\"\" class=\"uag-image-19568\" width=\"\" height=\"\" title=\"\" loading=\"lazy\"\/><\/a><\/figure><\/div>\n<\/div>\n\n\n\n<div class=\"wp-block-uagb-container uagb-block-a809cc04\">\n<div class=\"wp-block-uagb-image uagb-block-fd2275db wp-block-uagb-image--layout-default wp-block-uagb-image--effect-static wp-block-uagb-image--align-none\"><figure class=\"wp-block-uagb-image__figure\"><a class=\"\" href=\"https:\/\/www.ge.ch\/\" target=\"\" rel=\"noopener\"><img decoding=\"async\" srcset=\"https:\/\/test.observatoryfordefenders.org\/wp-content\/uploads\/2022\/12\/Geneve-logo.jpeg \" src=\"https:\/\/test.observatoryfordefenders.org\/wp-content\/uploads\/2022\/12\/Geneve-logo.jpeg\" alt=\"\" class=\"uag-image-19571\" width=\"167\" height=\"167\" title=\"\" loading=\"lazy\"\/><\/a><\/figure><\/div>\n<\/div>\n<\/div><\/div>\n","protected":false},"excerpt":{"rendered":"<p>El Observatorio para la Protecci\u00f3n de los Defensores de Derechos Humanos es una colaboraci\u00f3n \u00fanica establecida entre la Federaci\u00f3n Internacional par los Derechos Humanos (FIDH) y la Organizaci\u00f3n Mundial Contra la Tortura (OMCT) en 1997. \u00bfQui\u00e9nes son las personas defensoras de los derechos humanos? El t\u00e9rmino &#8220;defensor de derechos humanos&#8221; se refiere a toda persona [&hellip;]<\/p>\n","protected":false},"author":1,"featured_media":0,"parent":0,"menu_order":0,"comment_status":"closed","ping_status":"closed","template":"","meta":{"_acf_changed":false,"_editorskit_title_hidden":false,"_editorskit_reading_time":0,"_editorskit_is_block_options_detached":false,"_editorskit_block_options_position":"{}","inline_featured_image":false,"_uag_custom_page_level_css":"","site-sidebar-layout":"default","site-content-layout":"","ast-site-content-layout":"default","site-content-style":"default","site-sidebar-style":"default","ast-global-header-display":"","ast-banner-title-visibility":"","ast-main-header-display":"","ast-hfb-above-header-display":"","ast-hfb-below-header-display":"","ast-hfb-mobile-header-display":"","site-post-title":"","ast-breadcrumbs-content":"","ast-featured-img":"","footer-sml-layout":"","theme-transparent-header-meta":"","adv-header-id-meta":"","stick-header-meta":"","header-above-stick-meta":"","header-main-stick-meta":"","header-below-stick-meta":"","astra-migrate-meta-layouts":"set","ast-page-background-enabled":"default","ast-page-background-meta":{"desktop":{"background-color":"var(--ast-global-color-4)","background-image":"","background-repeat":"repeat","background-position":"center center","background-size":"auto","background-attachment":"scroll","background-type":"","background-media":"","overlay-type":"","overlay-color":"","overlay-opacity":"","overlay-gradient":""},"tablet":{"background-color":"","background-image":"","background-repeat":"repeat","background-position":"center center","background-size":"auto","background-attachment":"scroll","background-type":"","background-media":"","overlay-type":"","overlay-color":"","overlay-opacity":"","overlay-gradient":""},"mobile":{"background-color":"","background-image":"","background-repeat":"repeat","background-position":"center center","background-size":"auto","background-attachment":"scroll","background-type":"","background-media":"","overlay-type":"","overlay-color":"","overlay-opacity":"","overlay-gradient":""}},"ast-content-background-meta":{"desktop":{"background-color":"var(--ast-global-color-5)","background-image":"","background-repeat":"repeat","background-position":"center center","background-size":"auto","background-attachment":"scroll","background-type":"","background-media":"","overlay-type":"","overlay-color":"","overlay-opacity":"","overlay-gradient":""},"tablet":{"background-color":"var(--ast-global-color-5)","background-image":"","background-repeat":"repeat","background-position":"center center","background-size":"auto","background-attachment":"scroll","background-type":"","background-media":"","overlay-type":"","overlay-color":"","overlay-opacity":"","overlay-gradient":""},"mobile":{"background-color":"var(--ast-global-color-5)","background-image":"","background-repeat":"repeat","background-position":"center center","background-size":"auto","background-attachment":"scroll","background-type":"","background-media":"","overlay-type":"","overlay-color":"","overlay-opacity":"","overlay-gradient":""}},"_FSMCFIC_featured_image_caption":"","_FSMCFIC_featured_image_nocaption":"","_FSMCFIC_featured_image_hide":"","footnotes":""},"class_list":["post-19050","page","type-page","status-publish","hentry"],"acf":[],"uagb_featured_image_src":{"full":false,"thumbnail":false,"medium":false,"medium_large":false,"large":false,"1536x1536":false,"2048x2048":false},"uagb_author_info":{"display_name":"observatory_admin","author_link":"https:\/\/test.observatoryfordefenders.org\/es\/author\/observatory_admin\/"},"uagb_comment_info":0,"uagb_excerpt":"El Observatorio para la Protecci\u00f3n de los Defensores de Derechos Humanos es una colaboraci\u00f3n \u00fanica establecida entre la Federaci\u00f3n Internacional par los Derechos Humanos (FIDH) y la Organizaci\u00f3n Mundial Contra la Tortura (OMCT) en 1997. \u00bfQui\u00e9nes son las personas defensoras de los derechos humanos? El t\u00e9rmino &#8220;defensor de derechos humanos&#8221; se refiere a toda persona&hellip;","_links":{"self":[{"href":"https:\/\/test.observatoryfordefenders.org\/es\/wp-json\/wp\/v2\/pages\/19050","targetHints":{"allow":["GET"]}}],"collection":[{"href":"https:\/\/test.observatoryfordefenders.org\/es\/wp-json\/wp\/v2\/pages"}],"about":[{"href":"https:\/\/test.observatoryfordefenders.org\/es\/wp-json\/wp\/v2\/types\/page"}],"author":[{"embeddable":true,"href":"https:\/\/test.observatoryfordefenders.org\/es\/wp-json\/wp\/v2\/users\/1"}],"replies":[{"embeddable":true,"href":"https:\/\/test.observatoryfordefenders.org\/es\/wp-json\/wp\/v2\/comments?post=19050"}],"version-history":[{"count":9,"href":"https:\/\/test.observatoryfordefenders.org\/es\/wp-json\/wp\/v2\/pages\/19050\/revisions"}],"predecessor-version":[{"id":22811,"href":"https:\/\/test.observatoryfordefenders.org\/es\/wp-json\/wp\/v2\/pages\/19050\/revisions\/22811"}],"wp:attachment":[{"href":"https:\/\/test.observatoryfordefenders.org\/es\/wp-json\/wp\/v2\/media?parent=19050"}],"curies":[{"name":"wp","href":"https:\/\/api.w.org\/{rel}","templated":true}]}}