{"id":19060,"date":"2022-05-13T03:31:41","date_gmt":"2022-05-13T03:31:41","guid":{"rendered":"https:\/\/observatoryfordefenders.org\/?page_id=19060"},"modified":"2022-12-13T23:33:45","modified_gmt":"2022-12-13T23:33:45","slug":"es-subscribe","status":"publish","type":"page","link":"https:\/\/test.observatoryfordefenders.org\/es\/es-subscribe\/","title":{"rendered":"Subscribe"},"content":{"rendered":"\n<p><img decoding=\"async\" src=\"https:\/\/bucket.mlcdn.com\/a\/2360\/2360060\/images\/19133cc55e7758d7d96fddf8f42db37138fcafce.png\"><\/p>\n\n\n\n<h4 class=\"wp-block-heading\"><\/h4>\n\n\n\n<p>Para recibir Alertas del Observatorio, no olvides INSCRIBIRTE a nuestra lista de correo!<\/p>\n\n\n\n<p>Form in <a href=\"https:\/\/landing.mailerlite.com\/webforms\/landing\/h1i6e7\" data-type=\"URL\" data-id=\"https:\/\/landing.mailerlite.com\/webforms\/landing\/h1i6e7\">English<\/a> \/ Formulaire en <a href=\"https:\/\/landing.mailerlite.com\/webforms\/landing\/y2x0r1\">Fran\u00e7ais<\/a> \/&nbsp;Formulario en <a href=\"https:\/\/landing.mailerlite.com\/webforms\/landing\/q5k3j0\">Espa\u00f1ol<\/a><\/p>\n\n\n\n<p>El Observatorio para la Protecci\u00f3n de los Defensores de los Derechos Humanos es una asociaci\u00f3n FIDH-OMCT.\u00a0<\/p>\n\n\n\n<p><\/p>\n\n\n\n<h4 class=\"wp-block-heading\">Gracias!<\/h4>\n\n\n\n<p><\/p>\n","protected":false},"excerpt":{"rendered":"<p>Para recibir Alertas del Observatorio, no olvides INSCRIBIRTE a nuestra lista de correo! Form in English \/ Formulaire en Fran\u00e7ais \/&nbsp;Formulario en Espa\u00f1ol El Observatorio para la Protecci\u00f3n de los Defensores de los Derechos Humanos es una asociaci\u00f3n FIDH-OMCT.\u00a0 Gracias!<\/p>\n","protected":false},"author":1,"featured_media":0,"parent":0,"menu_order":0,"comment_status":"closed","ping_status":"closed","template":"","meta":{"_acf_changed":false,"_editorskit_title_hidden":false,"_editorskit_reading_time":0,"_editorskit_is_block_options_detached":false,"_editorskit_block_options_position":"{}","inline_featured_image":false,"_uag_custom_page_level_css":"","site-sidebar-layout":"default","site-content-layout":"","ast-site-content-layout":"","site-content-style":"default","site-sidebar-style":"default","ast-global-header-display":"","ast-banner-title-visibility":"","ast-main-header-display":"","ast-hfb-above-header-display":"","ast-hfb-below-header-display":"","ast-hfb-mobile-header-display":"","site-post-title":"","ast-breadcrumbs-content":"","ast-featured-img":"","footer-sml-layout":"","theme-transparent-header-meta":"","adv-header-id-meta":"","stick-header-meta":"","header-above-stick-meta":"","header-main-stick-meta":"","header-below-stick-meta":"","astra-migrate-meta-layouts":"default","ast-page-background-enabled":"default","ast-page-background-meta":{"desktop":{"background-color":"var(--ast-global-color-4)","background-image":"","background-repeat":"repeat","background-position":"center center","background-size":"auto","background-attachment":"scroll","background-type":"","background-media":"","overlay-type":"","overlay-color":"","overlay-opacity":"","overlay-gradient":""},"tablet":{"background-color":"","background-image":"","background-repeat":"repeat","background-position":"center center","background-size":"auto","background-attachment":"scroll","background-type":"","background-media":"","overlay-type":"","overlay-color":"","overlay-opacity":"","overlay-gradient":""},"mobile":{"background-color":"","background-image":"","background-repeat":"repeat","background-position":"center center","background-size":"auto","background-attachment":"scroll","background-type":"","background-media":"","overlay-type":"","overlay-color":"","overlay-opacity":"","overlay-gradient":""}},"ast-content-background-meta":{"desktop":{"background-color":"var(--ast-global-color-5)","background-image":"","background-repeat":"repeat","background-position":"center center","background-size":"auto","background-attachment":"scroll","background-type":"","background-media":"","overlay-type":"","overlay-color":"","overlay-opacity":"","overlay-gradient":""},"tablet":{"background-color":"var(--ast-global-color-5)","background-image":"","background-repeat":"repeat","background-position":"center center","background-size":"auto","background-attachment":"scroll","background-type":"","background-media":"","overlay-type":"","overlay-color":"","overlay-opacity":"","overlay-gradient":""},"mobile":{"background-color":"var(--ast-global-color-5)","background-image":"","background-repeat":"repeat","background-position":"center center","background-size":"auto","background-attachment":"scroll","background-type":"","background-media":"","overlay-type":"","overlay-color":"","overlay-opacity":"","overlay-gradient":""}},"_FSMCFIC_featured_image_caption":"","_FSMCFIC_featured_image_nocaption":"","_FSMCFIC_featured_image_hide":"","footnotes":""},"class_list":["post-19060","page","type-page","status-publish","hentry"],"acf":[],"uagb_featured_image_src":{"full":false,"thumbnail":false,"medium":false,"medium_large":false,"large":false,"1536x1536":false,"2048x2048":false},"uagb_author_info":{"display_name":"observatory_admin","author_link":"https:\/\/test.observatoryfordefenders.org\/es\/author\/observatory_admin\/"},"uagb_comment_info":0,"uagb_excerpt":"Para recibir Alertas del Observatorio, no olvides INSCRIBIRTE a nuestra lista de correo! Form in English \/ Formulaire en Fran\u00e7ais \/&nbsp;Formulario en Espa\u00f1ol El Observatorio para la Protecci\u00f3n de los Defensores de los Derechos Humanos es una asociaci\u00f3n FIDH-OMCT.\u00a0 Gracias!","_links":{"self":[{"href":"https:\/\/test.observatoryfordefenders.org\/es\/wp-json\/wp\/v2\/pages\/19060","targetHints":{"allow":["GET"]}}],"collection":[{"href":"https:\/\/test.observatoryfordefenders.org\/es\/wp-json\/wp\/v2\/pages"}],"about":[{"href":"https:\/\/test.observatoryfordefenders.org\/es\/wp-json\/wp\/v2\/types\/page"}],"author":[{"embeddable":true,"href":"https:\/\/test.observatoryfordefenders.org\/es\/wp-json\/wp\/v2\/users\/1"}],"replies":[{"embeddable":true,"href":"https:\/\/test.observatoryfordefenders.org\/es\/wp-json\/wp\/v2\/comments?post=19060"}],"version-history":[{"count":2,"href":"https:\/\/test.observatoryfordefenders.org\/es\/wp-json\/wp\/v2\/pages\/19060\/revisions"}],"predecessor-version":[{"id":19422,"href":"https:\/\/test.observatoryfordefenders.org\/es\/wp-json\/wp\/v2\/pages\/19060\/revisions\/19422"}],"wp:attachment":[{"href":"https:\/\/test.observatoryfordefenders.org\/es\/wp-json\/wp\/v2\/media?parent=19060"}],"curies":[{"name":"wp","href":"https:\/\/api.w.org\/{rel}","templated":true}]}}